{"id":1512,"date":"2022-10-22T06:57:46","date_gmt":"2022-10-22T06:57:46","guid":{"rendered":"https:\/\/zaferaksungur.com\/blog\/"},"modified":"2022-11-28T13:49:27","modified_gmt":"2022-11-28T13:49:27","slug":"blog","status":"publish","type":"page","link":"https:\/\/zaferaksungur.com\/en\/blog\/","title":{"rendered":"Blog"},"content":{"rendered":"\t\t<div data-elementor-type=\"wp-page\" data-elementor-id=\"1512\" class=\"elementor elementor-1512\">\n\t\t\t\t\t\t\t\t\t<section class=\"elementor-section elementor-top-section elementor-element elementor-element-d5df61d elementor-section-boxed elementor-section-height-default elementor-section-height-default\" data-id=\"d5df61d\" data-element_type=\"section\" data-settings=\"{&quot;background_background&quot;:&quot;classic&quot;}\">\n\t\t\t\t\t\t\t<div class=\"elementor-background-overlay\"><\/div>\n\t\t\t\t\t\t\t<div class=\"elementor-container elementor-column-gap-default\">\n\t\t\t\t\t<div class=\"elementor-column elementor-col-100 elementor-top-column elementor-element elementor-element-290ca09d\" data-id=\"290ca09d\" data-element_type=\"column\">\n\t\t\t<div class=\"elementor-widget-wrap elementor-element-populated\">\n\t\t\t\t\t\t\t\t<div class=\"elementor-element elementor-element-6461247b elementor-widget elementor-widget-heading\" data-id=\"6461247b\" data-element_type=\"widget\" data-widget_type=\"heading.default\">\n\t\t\t\t<div class=\"elementor-widget-container\">\n\t\t\t<style>\/*! elementor - v3.6.1 - 23-03-2022 *\/\n.elementor-heading-title{padding:0;margin:0;line-height:1}.elementor-widget-heading .elementor-heading-title[class*=elementor-size-]>a{color:inherit;font-size:inherit;line-height:inherit}.elementor-widget-heading .elementor-heading-title.elementor-size-small{font-size:15px}.elementor-widget-heading .elementor-heading-title.elementor-size-medium{font-size:19px}.elementor-widget-heading .elementor-heading-title.elementor-size-large{font-size:29px}.elementor-widget-heading .elementor-heading-title.elementor-size-xl{font-size:39px}.elementor-widget-heading .elementor-heading-title.elementor-size-xxl{font-size:59px}<\/style><h2 class=\"elementor-heading-title elementor-size-default\">Blog<\/h2>\t\t<\/div>\n\t\t\t\t<\/div>\n\t\t\t\t\t<\/div>\n\t\t<\/div>\n\t\t\t\t\t\t\t<\/div>\n\t\t<\/section>\n\t\t\t\t<section class=\"elementor-section elementor-top-section elementor-element elementor-element-4a9dd25f elementor-section-boxed elementor-section-height-default elementor-section-height-default\" data-id=\"4a9dd25f\" data-element_type=\"section\">\n\t\t\t\t\t\t\t<div class=\"elementor-background-overlay\"><\/div>\n\t\t\t\t\t\t\t<div class=\"elementor-container elementor-column-gap-no\">\n\t\t\t\t\t<div class=\"elementor-column elementor-col-100 elementor-top-column elementor-element elementor-element-388f3562\" data-id=\"388f3562\" data-element_type=\"column\">\n\t\t\t<div class=\"elementor-widget-wrap elementor-element-populated\">\n\t\t\t\t\t\t\t\t<section class=\"elementor-section elementor-inner-section elementor-element elementor-element-431ac6c2 elementor-section-boxed elementor-section-height-default elementor-section-height-default\" data-id=\"431ac6c2\" data-element_type=\"section\">\n\t\t\t\t\t\t<div class=\"elementor-container elementor-column-gap-no\">\n\t\t\t\t\t<div class=\"elementor-column elementor-col-100 elementor-inner-column elementor-element elementor-element-5dc36881\" data-id=\"5dc36881\" data-element_type=\"column\">\n\t\t\t<div class=\"elementor-widget-wrap elementor-element-populated\">\n\t\t\t\t\t\t\t\t<div class=\"elementor-element elementor-element-b743189 elementor-widget elementor-widget-jkit_post_block\" data-id=\"b743189\" data-element_type=\"widget\" data-widget_type=\"jkit_post_block.default\">\n\t\t\t\t<div class=\"elementor-widget-container\">\n\t\t\t<div  class=\"jeg-elementor-kit jkit-postblock postblock- jkit-pagination-disable post-element jeg_module___69e37f800887c\"  data-id=\"jeg_module___69e37f800887c\" data-settings=\"{&quot;post_type&quot;:&quot;post&quot;,&quot;number_post&quot;:{&quot;unit&quot;:&quot;px&quot;,&quot;size&quot;:4,&quot;sizes&quot;:[]},&quot;post_offset&quot;:0,&quot;unique_content&quot;:&quot;unique1&quot;,&quot;include_post&quot;:&quot;&quot;,&quot;exclude_post&quot;:&quot;&quot;,&quot;include_category&quot;:&quot;6&quot;,&quot;exclude_category&quot;:&quot;&quot;,&quot;include_author&quot;:&quot;&quot;,&quot;include_tag&quot;:&quot;&quot;,&quot;exclude_tag&quot;:&quot;&quot;,&quot;sort_by&quot;:&quot;latest&quot;,&quot;pagination_mode&quot;:&quot;disable&quot;,&quot;pagination_loadmore_text&quot;:&quot;Load More&quot;,&quot;pagination_loading_text&quot;:&quot;Loading...&quot;,&quot;pagination_number_post&quot;:{&quot;unit&quot;:&quot;px&quot;,&quot;size&quot;:3,&quot;sizes&quot;:[]},&quot;pagination_scroll_limit&quot;:0,&quot;pagination_icon&quot;:{&quot;value&quot;:&quot;&quot;,&quot;library&quot;:&quot;&quot;},&quot;pagination_icon_position&quot;:&quot;before&quot;,&quot;st_category_position&quot;:&quot;center&quot;,&quot;sg_content_postblock_type&quot;:&quot;&quot;,&quot;sg_content_title_html_tag&quot;:&quot;h3&quot;,&quot;sg_content_category_enable&quot;:&quot;&quot;,&quot;sg_content_excerpt_enable&quot;:&quot;yes&quot;,&quot;sg_content_excerpt_length&quot;:{&quot;unit&quot;:&quot;px&quot;,&quot;size&quot;:25,&quot;sizes&quot;:[]},&quot;sg_content_excerpt_more&quot;:&quot;&quot;,&quot;sg_content_readmore_enable&quot;:&quot;yes&quot;,&quot;sg_content_readmore_icon&quot;:{&quot;value&quot;:&quot;jki jki-arrow-right-solid&quot;,&quot;library&quot;:&quot;jkiticon&quot;},&quot;sg_content_readmore_icon_position&quot;:&quot;before&quot;,&quot;sg_content_readmore_text&quot;:&quot;Read More...&quot;,&quot;sg_content_comment_heading&quot;:&quot;&quot;,&quot;sg_content_comment_enable&quot;:&quot;&quot;,&quot;sg_content_comment_icon&quot;:{&quot;value&quot;:&quot;fas fa-comment&quot;,&quot;library&quot;:&quot;fa-solid&quot;},&quot;sg_content_comment_icon_position&quot;:&quot;before&quot;,&quot;sg_content_meta_enable&quot;:&quot;&quot;,&quot;sg_content_meta_author_enable&quot;:&quot;&quot;,&quot;sg_content_meta_author_by_text&quot;:&quot;&quot;,&quot;sg_content_meta_author_icon&quot;:{&quot;value&quot;:&quot;&quot;,&quot;library&quot;:&quot;&quot;},&quot;sg_content_meta_author_icon_position&quot;:&quot;after&quot;,&quot;sg_content_meta_date_enable&quot;:&quot;yes&quot;,&quot;sg_content_meta_date_type&quot;:&quot;published&quot;,&quot;sg_content_meta_date_format&quot;:&quot;default&quot;,&quot;sg_content_meta_date_format_custom&quot;:&quot;F j, Y&quot;,&quot;sg_content_meta_date_icon&quot;:{&quot;value&quot;:&quot;fas fa-clock&quot;,&quot;library&quot;:&quot;fa-solid&quot;},&quot;sg_content_meta_date_icon_position&quot;:&quot;before&quot;,&quot;sg_content_image_size_imagesize_size&quot;:&quot;full&quot;,&quot;paged&quot;:1,&quot;class&quot;:&quot;jkit_post_block&quot;}\"><div class=\"jkit-block-container\"><div class=\"jkit-posts jkit-ajax-flag\">\n            <article class=\"jkit-post post-23286 post type-post status-publish format-standard has-post-thumbnail hentry category-blog\">\n                    <div class=\"jkit-thumb\"><a href=\"https:\/\/zaferaksungur.com\/donuk-omuz-ne-kadar-surede-iyilesir-zamanin-ve-dogru-mudahalenin-rolu\/\"><div class=\"thumbnail-container \">\n            <img loading=\"lazy\" decoding=\"async\" width=\"2000\" height=\"784\" src=\"https:\/\/zaferaksungur.com\/wp-content\/uploads\/2026\/04\/15-3.gif\" class=\"attachment-full size-full wp-post-image\" alt=\"\" \/>\n        <\/div><\/a><\/div>\n                    <div class=\"jkit-postblock-content\"><h3 class=\"jkit-post-title\"><a href=\"https:\/\/zaferaksungur.com\/donuk-omuz-ne-kadar-surede-iyilesir-zamanin-ve-dogru-mudahalenin-rolu\/\">Donuk Omuz Ne Kadar S\u00fcrede \u0130yile\u015fir? Zaman\u0131n ve Do\u011fru M\u00fcdahalenin Rol\u00fc<\/a><\/h3>\n                <div class=\"jkit-post-excerpt\"><p>Donuk Omuz Ne Kadar S\u00fcrede \u0130yile\u015fir? Zaman\u0131n ve Do\u011fru M\u00fcdahalenin Rol\u00fc Omuz eklemi, v\u00fccudumuzun en geni\u015f hareket a\u00e7\u0131kl\u0131\u011f\u0131na sahip, adeta bir m\u00fchendislik harikas\u0131d\u0131r. Kolumuzu her<\/p><\/div>\n            <div class=\"jkit-post-meta-bottom\">\n                <div class=\"jkit-meta-readmore icon-position-before\">\n                <a href=\"https:\/\/zaferaksungur.com\/donuk-omuz-ne-kadar-surede-iyilesir-zamanin-ve-dogru-mudahalenin-rolu\/\" class=\"jkit-readmore\"><i aria-hidden=\"true\" class=\"jki jki-arrow-right-solid\"><\/i>Read More...<\/a>\n            <\/div>\n            <\/div><\/div>\n                <\/article><article class=\"jkit-post post-23275 post type-post status-publish format-standard has-post-thumbnail hentry category-blog\">\n                    <div class=\"jkit-thumb\"><a href=\"https:\/\/zaferaksungur.com\/dis-sikma-bruksizm-nasil-tedavi-edilir-modern-yasamin-cene-eklemi-uzerindeki-baskisi\/\"><div class=\"thumbnail-container \">\n            <img loading=\"lazy\" decoding=\"async\" width=\"2000\" height=\"1333\" src=\"https:\/\/zaferaksungur.com\/wp-content\/uploads\/2026\/04\/15-2.gif\" class=\"attachment-full size-full wp-post-image\" alt=\"\" \/>\n        <\/div><\/a><\/div>\n                    <div class=\"jkit-postblock-content\"><h3 class=\"jkit-post-title\"><a href=\"https:\/\/zaferaksungur.com\/dis-sikma-bruksizm-nasil-tedavi-edilir-modern-yasamin-cene-eklemi-uzerindeki-baskisi\/\">Di\u015f S\u0131kma (Bruksizm) Nas\u0131l Tedavi Edilir? Modern Ya\u015fam\u0131n \u00c7ene Eklemi \u00dczerindeki Bask\u0131s\u0131<\/a><\/h3>\n                <div class=\"jkit-post-excerpt\"><p>Di\u015f S\u0131kma (Bruksizm) Nas\u0131l Tedavi Edilir? Modern Ya\u015fam\u0131n \u00c7ene Eklemi \u00dczerindeki Bask\u0131s\u0131 G\u00fcn\u00fcm\u00fcz d\u00fcnyas\u0131nda stres, hayat\u0131m\u0131z\u0131n ayr\u0131lmaz bir par\u00e7as\u0131 haline geldi. Ancak bu stres sadece<\/p><\/div>\n            <div class=\"jkit-post-meta-bottom\">\n                <div class=\"jkit-meta-readmore icon-position-before\">\n                <a href=\"https:\/\/zaferaksungur.com\/dis-sikma-bruksizm-nasil-tedavi-edilir-modern-yasamin-cene-eklemi-uzerindeki-baskisi\/\" class=\"jkit-readmore\"><i aria-hidden=\"true\" class=\"jki jki-arrow-right-solid\"><\/i>Read More...<\/a>\n            <\/div>\n            <\/div><\/div>\n                <\/article><article class=\"jkit-post post-23268 post type-post status-publish format-standard has-post-thumbnail hentry category-blog\">\n                    <div class=\"jkit-thumb\"><a href=\"https:\/\/zaferaksungur.com\/manuel-terapi-nedir-ve-hangi-hastaliklarda-uygulanir-hareketin-sessiz-gucu\/\"><div class=\"thumbnail-container \">\n            <img loading=\"lazy\" decoding=\"async\" width=\"2000\" height=\"1333\" src=\"https:\/\/zaferaksungur.com\/wp-content\/uploads\/2026\/04\/15-2.gif\" class=\"attachment-full size-full wp-post-image\" alt=\"\" \/>\n        <\/div><\/a><\/div>\n                    <div class=\"jkit-postblock-content\"><h3 class=\"jkit-post-title\"><a href=\"https:\/\/zaferaksungur.com\/manuel-terapi-nedir-ve-hangi-hastaliklarda-uygulanir-hareketin-sessiz-gucu\/\">Manuel Terapi Nedir ve Hangi Hastal\u0131klarda Uygulan\u0131r? Hareketin Sessiz G\u00fcc\u00fc<\/a><\/h3>\n                <div class=\"jkit-post-excerpt\"><p>Manuel Terapi Nedir ve Hangi Hastal\u0131klarda Uygulan\u0131r? Hareketin Sessiz G\u00fcc\u00fc \u0130nsan bedeni, her bir \u00e7ark\u0131n bir di\u011feriyle kusursuz bir uyum i\u00e7inde \u00e7al\u0131\u015ft\u0131\u011f\u0131 devasa bir makineye<\/p><\/div>\n            <div class=\"jkit-post-meta-bottom\">\n                <div class=\"jkit-meta-readmore icon-position-before\">\n                <a href=\"https:\/\/zaferaksungur.com\/manuel-terapi-nedir-ve-hangi-hastaliklarda-uygulanir-hareketin-sessiz-gucu\/\" class=\"jkit-readmore\"><i aria-hidden=\"true\" class=\"jki jki-arrow-right-solid\"><\/i>Read More...<\/a>\n            <\/div>\n            <\/div><\/div>\n                <\/article><article class=\"jkit-post post-23256 post type-post status-publish format-standard has-post-thumbnail hentry category-blog\">\n                    <div class=\"jkit-thumb\"><a href=\"https:\/\/zaferaksungur.com\/cene-boyun-ve-omurga-sagligi-arasindaki-baglanti-gizli-bir-biyomekanik-zincir\/\"><div class=\"thumbnail-container \">\n            <img loading=\"lazy\" decoding=\"async\" width=\"2000\" height=\"1500\" src=\"https:\/\/zaferaksungur.com\/wp-content\/uploads\/2026\/04\/16.gif\" class=\"attachment-full size-full wp-post-image\" alt=\"\" \/>\n        <\/div><\/a><\/div>\n                    <div class=\"jkit-postblock-content\"><h3 class=\"jkit-post-title\"><a href=\"https:\/\/zaferaksungur.com\/cene-boyun-ve-omurga-sagligi-arasindaki-baglanti-gizli-bir-biyomekanik-zincir\/\">\u00c7ene, Boyun ve Omurga Sa\u011fl\u0131\u011f\u0131 Aras\u0131ndaki Ba\u011flant\u0131: Gizli Bir Biyomekanik Zincir<\/a><\/h3>\n                <div class=\"jkit-post-excerpt\"><p>\u00c7ene, Boyun ve Omurga Sa\u011fl\u0131\u011f\u0131 Aras\u0131ndaki Ba\u011flant\u0131: Gizli Bir Biyomekanik Zincir \u0130nsan v\u00fccudu, her bir par\u00e7as\u0131 di\u011feriyle kusursuz bir uyum i\u00e7inde \u00e7al\u0131\u015fan muazzam bir m\u00fchendislik<\/p><\/div>\n            <div class=\"jkit-post-meta-bottom\">\n                <div class=\"jkit-meta-readmore icon-position-before\">\n                <a href=\"https:\/\/zaferaksungur.com\/cene-boyun-ve-omurga-sagligi-arasindaki-baglanti-gizli-bir-biyomekanik-zincir\/\" class=\"jkit-readmore\"><i aria-hidden=\"true\" class=\"jki jki-arrow-right-solid\"><\/i>Read More...<\/a>\n            <\/div>\n            <\/div><\/div>\n                <\/article>\n        <\/div><\/div><\/div>\t\t<\/div>\n\t\t\t\t<\/div>\n\t\t\t\t\t<\/div>\n\t\t<\/div>\n\t\t\t\t\t\t\t<\/div>\n\t\t<\/section>\n\t\t\t\t\t<\/div>\n\t\t<\/div>\n\t\t\t\t\t\t\t<\/div>\n\t\t<\/section>\n\t\t\t\t\t\t\t<\/div>\n\t\t","protected":false},"excerpt":{"rendered":"<p>Blog edit post Post\u00fcr Nedir? Post\u00fcr Nedir? Macro or micro stresses in daily life can cause posture disorders. It can be shown as falling on the coccyx as macro stress, Read More&#8230; edit post Bel A\u011fr\u0131lar\u0131 Bel A\u011fr\u0131lar\u0131 Less than 5-10% of all low back pain is caused by significant underlying nerve compression or a [&hellip;]<\/p>\n","protected":false},"author":1,"featured_media":0,"parent":0,"menu_order":0,"comment_status":"closed","ping_status":"closed","template":"elementor_canvas","meta":{"om_disable_all_campaigns":false,"footnotes":""},"class_list":["post-1512","page","type-page","status-publish","hentry"],"aioseo_notices":[],"_links":{"self":[{"href":"https:\/\/zaferaksungur.com\/en\/wp-json\/wp\/v2\/pages\/1512\/"}],"collection":[{"href":"https:\/\/zaferaksungur.com\/en\/wp-json\/wp\/v2\/pages\/"}],"about":[{"href":"https:\/\/zaferaksungur.com\/en\/wp-json\/wp\/v2\/types\/page\/"}],"author":[{"embeddable":true,"href":"https:\/\/zaferaksungur.com\/en\/wp-json\/wp\/v2\/users\/1\/"}],"replies":[{"embeddable":true,"href":"https:\/\/zaferaksungur.com\/en\/wp-json\/wp\/v2\/comments\/?post=1512"}],"version-history":[{"count":0,"href":"https:\/\/zaferaksungur.com\/en\/wp-json\/wp\/v2\/pages\/1512\/revisions\/"}],"wp:attachment":[{"href":"https:\/\/zaferaksungur.com\/en\/wp-json\/wp\/v2\/media\/?parent=1512"}],"curies":[{"name":"wp","href":"https:\/\/api.w.org\/{rel}","templated":true}]}}