{"id":2194,"date":"2022-11-14T14:17:12","date_gmt":"2022-11-14T14:17:12","guid":{"rendered":"https:\/\/zaferaksungur.com\/cerez-politikasi\/"},"modified":"2022-11-14T14:17:12","modified_gmt":"2022-11-14T14:17:12","slug":"cerez-politikasi","status":"publish","type":"page","link":"https:\/\/zaferaksungur.com\/en\/cerez-politikasi\/","title":{"rendered":"\u00c7erez Politikas\u0131"},"content":{"rendered":"\t\t<div data-elementor-type=\"wp-page\" data-elementor-id=\"2194\" class=\"elementor elementor-2194\">\n\t\t\t\t\t\t\t\t\t<section class=\"elementor-section elementor-top-section elementor-element elementor-element-d5df61d elementor-section-boxed elementor-section-height-default elementor-section-height-default\" data-id=\"d5df61d\" data-element_type=\"section\" data-settings=\"{&quot;background_background&quot;:&quot;classic&quot;}\">\n\t\t\t\t\t\t\t<div class=\"elementor-background-overlay\"><\/div>\n\t\t\t\t\t\t\t<div class=\"elementor-container elementor-column-gap-default\">\n\t\t\t\t\t<div class=\"elementor-column elementor-col-100 elementor-top-column elementor-element elementor-element-290ca09d\" data-id=\"290ca09d\" data-element_type=\"column\">\n\t\t\t<div class=\"elementor-widget-wrap elementor-element-populated\">\n\t\t\t\t\t\t\t\t<div class=\"elementor-element elementor-element-6461247b elementor-widget elementor-widget-heading\" data-id=\"6461247b\" data-element_type=\"widget\" data-widget_type=\"heading.default\">\n\t\t\t\t<div class=\"elementor-widget-container\">\n\t\t\t<style>\/*! elementor - v3.6.1 - 23-03-2022 *\/\n.elementor-heading-title{padding:0;margin:0;line-height:1}.elementor-widget-heading .elementor-heading-title[class*=elementor-size-]>a{color:inherit;font-size:inherit;line-height:inherit}.elementor-widget-heading .elementor-heading-title.elementor-size-small{font-size:15px}.elementor-widget-heading .elementor-heading-title.elementor-size-medium{font-size:19px}.elementor-widget-heading .elementor-heading-title.elementor-size-large{font-size:29px}.elementor-widget-heading .elementor-heading-title.elementor-size-xl{font-size:39px}.elementor-widget-heading .elementor-heading-title.elementor-size-xxl{font-size:59px}<\/style><h2 class=\"elementor-heading-title elementor-size-default\">\u00c7EREZ POL\u0130T\u0130KASI<\/h2>\t\t<\/div>\n\t\t\t\t<\/div>\n\t\t\t\t\t<\/div>\n\t\t<\/div>\n\t\t\t\t\t\t\t<\/div>\n\t\t<\/section>\n\t\t\t\t<section class=\"elementor-section elementor-top-section elementor-element elementor-element-4a9dd25f elementor-section-boxed elementor-section-height-default elementor-section-height-default\" data-id=\"4a9dd25f\" data-element_type=\"section\">\n\t\t\t\t\t\t\t<div class=\"elementor-background-overlay\"><\/div>\n\t\t\t\t\t\t\t<div class=\"elementor-container elementor-column-gap-no\">\n\t\t\t\t\t<div class=\"elementor-column elementor-col-100 elementor-top-column elementor-element elementor-element-388f3562\" data-id=\"388f3562\" data-element_type=\"column\">\n\t\t\t<div class=\"elementor-widget-wrap elementor-element-populated\">\n\t\t\t\t\t\t\t\t<div class=\"elementor-element elementor-element-37a902b elementor-widget elementor-widget-heading\" data-id=\"37a902b\" data-element_type=\"widget\" data-widget_type=\"heading.default\">\n\t\t\t\t<div class=\"elementor-widget-container\">\n\t\t\t<h2 class=\"elementor-heading-title elementor-size-default\">\u00c7EREZ POL\u0130T\u0130KASI<\/h2>\t\t<\/div>\n\t\t\t\t<\/div>\n\t\t\t\t<div class=\"elementor-element elementor-element-a3f6d6a elementor-widget elementor-widget-text-editor\" data-id=\"a3f6d6a\" data-element_type=\"widget\" data-widget_type=\"text-editor.default\">\n\t\t\t\t<div class=\"elementor-widget-container\">\n\t\t\t<style>\/*! elementor - v3.6.1 - 23-03-2022 *\/\n.elementor-widget-text-editor.elementor-drop-cap-view-stacked .elementor-drop-cap{background-color:#818a91;color:#fff}.elementor-widget-text-editor.elementor-drop-cap-view-framed .elementor-drop-cap{color:#818a91;border:3px solid;background-color:transparent}.elementor-widget-text-editor:not(.elementor-drop-cap-view-default) .elementor-drop-cap{margin-top:8px}.elementor-widget-text-editor:not(.elementor-drop-cap-view-default) .elementor-drop-cap-letter{width:1em;height:1em}.elementor-widget-text-editor .elementor-drop-cap{float:left;text-align:center;line-height:1;font-size:50px}.elementor-widget-text-editor .elementor-drop-cap-letter{display:inline-block}<\/style>\t\t\t\t<p>\u0130\u015fbu \u00c7erez Politikas\u0131n\u0131n haz\u0131rlanma amac\u0131, internet sitemizin i\u015fletilmesi s\u0131ras\u0131nda \u00e7erezlerin kullan\u0131m\u0131 ile elde edilen ki\u015fisel verilerin i\u015flenmesine ili\u015fkin olarak sizleri bilgilendirmektedir. \u0130nternet sitemizde kulland\u0131\u011f\u0131m\u0131z zorunlu \u00e7erezler haricindeki \u00e7erezler i\u00e7in, kullan\u0131c\u0131lar\u0131n a\u00e7\u0131k r\u0131zalar\u0131 al\u0131nmakta ve istedikleri zaman r\u0131zalar\u0131n\u0131 de\u011fi\u015ftirebilme olana\u011f\u0131 sa\u011flanmaktad\u0131r. Kullan\u0131c\u0131lar\u0131m\u0131z olarak \u00e7erez tercih paneli \u00fczerinden, internet sitemizde kullan\u0131lan \u00e7erez \u00e7e\u015fitlerini g\u00f6rebilir ve Zorunlu \u00c7erezler d\u0131\u015f\u0131nda kalan t\u00fcm \u00e7erezler i\u00e7in \u201ca\u00e7\u0131k\u201d veya \u201ckapal\u0131\u201d se\u00e7enekleri ile tercihlerini belirleyebilirsiniz.<\/p><p>\u00a0<\/p><p><strong>\u00c7erez Nedir?<\/strong><\/p><p>\u00c7erez bir internet sitesinin d\u00fczg\u00fcn bir \u015fekilde \u00e7al\u0131\u015fmas\u0131, kullan\u0131c\u0131 deneyiminin iyile\u015ftirilmesi, sitenin geli\u015ftirilmesi ve optimize edilmesi, daha uygun, ilgiye dayal\u0131 reklam sunma, ziyaret\u00e7iler i\u00e7in ilgi \u00e7ekici ve ki\u015fiselle\u015ftirilmi\u015f bir internet sitesi\/uygulama ve reklam portf\u00f6y\u00fc sunmak amac\u0131yla cihazlara (bilgisayar, ak\u0131ll\u0131 telefon, tablet) yerle\u015ftirilen k\u00fc\u00e7\u00fck veri par\u00e7ac\u0131klar\u0131d\u0131r.<\/p><p>\u00c7erezler hakk\u0131nda daha detayl\u0131 bilgi i\u00e7in\u00a0<a href=\"http:\/\/www.aboutcookies.org\/\">http:\/\/www.aboutcookies.org<\/a>\u00a0ve\u00a0<a href=\"http:\/\/www.allaboutcookies.org\/\">http:\/\/www.allaboutcookies.org<\/a>\u00a0\u00a0 adreslerini ziyaret edebilirsiniz.<\/p><p>\u00a0<\/p><p><strong>\u00c7erezler Neden Kullan\u0131labilir?<\/strong><\/p><p>\u00c7erezler, internet site ziyaretinin uygun bir \u015fekilde ger\u00e7ekle\u015ftirilmesinin ve bir sonraki kullan\u0131mda bilgilerin hat\u0131rlanmas\u0131n\u0131n sa\u011flanmas\u0131, sitenin i\u015fleyi\u015finin geli\u015ftirilmesi, site kullan\u0131mlar\u0131n\u0131n istatistiksel olarak de\u011ferlendirilmesi, sitede yer alan i\u00e7eri\u011fin sizin i\u00e7in en etkili \u015fekilde sunulmas\u0131 ile kullan\u0131c\u0131lara tercih ve kullan\u0131m al\u0131\u015fkanl\u0131klar\u0131 do\u011frultusunda \u00f6zelle\u015ftirilmi\u015f hizmetler ve reklamlar sunulmas\u0131 ama\u00e7lar\u0131yla kullan\u0131labilmektedir.<\/p><p>\u00a0<\/p><p><strong>\u00c7erez T\u00fcrleri Nelerdir?<\/strong><\/p><p>Ana kullan\u0131m amac\u0131 kullan\u0131c\u0131lara kolayl\u0131k sa\u011flamak olan \u00e7erezler, temel olarak 4 ana grupta toplanmaktad\u0131r:<\/p><p><strong>Oturum \u00e7erezleri:<\/strong><strong>\u00a0<\/strong>\u0130nternet sayfalar\u0131 aras\u0131nda bilgi ta\u015f\u0131nmas\u0131 ve kullan\u0131c\u0131 taraf\u0131ndan girilen bilgilerin sistemsel olarak hat\u0131rlanmas\u0131 gibi \u00e7e\u015fitli \u00f6zelliklerden faydalanmaya olanak sa\u011flayan \u00e7erezlerdir ve internet sitesine ait fonksiyonlar\u0131n d\u00fczg\u00fcn bir \u015fekilde i\u015fleyebilmesi i\u00e7in gereklidir.<\/p><p><strong>Performans \u00e7erezleri:<\/strong><strong>\u00a0<\/strong>Sayfalar\u0131n ziyaret edilme frekans\u0131, olas\u0131 hata iletileri, kullan\u0131c\u0131lar\u0131n ilgili sayfada harcad\u0131klar\u0131 toplam zaman ile siteyi kullan\u0131m desenleri konular\u0131nda bilgi toplayan \u00e7erezlerdir ve internet sitesinin performans\u0131n\u0131 artt\u0131rma amac\u0131yla kullan\u0131lmaktad\u0131r.<\/p><p><strong>Fonksiyonel \u00e7erezler:<\/strong><strong>\u00a0<\/strong>Kullan\u0131c\u0131ya kolayl\u0131k sa\u011flanmas\u0131 amac\u0131yla \u00f6nceden se\u00e7ili olan se\u00e7eneklerin hat\u0131rlat\u0131lmas\u0131n\u0131 sa\u011flayan \u00e7erezlerdir ve internet sitesi kapsam\u0131nda kullan\u0131c\u0131lara geli\u015fmi\u015f \u0130nternet \u00f6zellikleri sa\u011flanmas\u0131n\u0131 hedeflemektedir.<\/p><p><strong>Reklam ve \u00fc\u00e7\u00fcnc\u00fc taraf \u00e7erezleri:<\/strong><strong>\u00a0<\/strong>\u00dc\u00e7\u00fcnc\u00fc parti tedarik\u00e7ilere ait \u00e7erezlerdir ve internet sitesindeki baz\u0131 fonksiyonlar\u0131n kullan\u0131m\u0131na ve reklam takibinin yap\u0131lmas\u0131na olanak sa\u011flamaktad\u0131r.<\/p><p>\u00a0<\/p><p><strong>\u0130nternet Sitemizde Kullan\u0131lan \u00c7erezler<\/strong><\/p><p><strong>Zorunlu \u00c7erezler:\u00a0<\/strong>Talep etmi\u015f oldu\u011funuz bir bilgi toplumu hizmetinin (log-in olma, form doldurma ve gizlilik tercihlerinin hat\u0131rlanmas\u0131, internet sitemizdeki ziyaret\u00e7ilerin say\u0131lmas\u0131 ve trafi\u011fin \u00f6l\u00e7\u00fclmesi) yerine getirilebilmesi amac\u0131yla kullan\u0131lmaktad\u0131r. Bu \u00e7erezler arac\u0131l\u0131\u011f\u0131yla toplanan ki\u015fisel verileriniz, Kanunun 5\u2019inci maddesinin (2) numaral\u0131 f\u0131kras\u0131n\u0131n (c) bendi \u201cBir s\u00f6zle\u015fmenin kurulmas\u0131 veya ifas\u0131yla do\u011frudan do\u011fruya ilgili olmas\u0131 kayd\u0131yla, s\u00f6zle\u015fmenin taraflar\u0131na ait ki\u015fisel verilerin i\u015flenmesinin gerekli olmas\u0131\u201d veya (f) bendi \u201c\u0130lgili ki\u015finin temel hak ve \u00f6zg\u00fcrl\u00fcklerine zarar vermemek kayd\u0131yla, veri sorumlusunun me\u015fru menfaatleri i\u00e7in veri i\u015flenmesinin zorunlu olmas\u0131\u201d kapsam\u0131nda i\u015flenmektedir.<\/p><p>Bunlar\u0131n d\u0131\u015f\u0131nda web sitemizde bizim direkt olarak olu\u015fturmad\u0131\u011f\u0131m\u0131z ancak \u00f6l\u00e7\u00fcmleme ve analiz i\u00e7in kulland\u0131\u011f\u0131m\u0131z ara\u00e7lar\u0131n bizim ad\u0131m\u0131za olu\u015fturduklar\u0131 kal\u0131c\u0131 \u00e7erezler (permanent cookies, veya persistent cookies) olarak da adland\u0131r\u0131lan \u00e7erezler de bulunmaktad\u0131r. Bu \u00e7erezler, birden fazla ba\u011f\u0131ms\u0131z oturumda tan\u0131mlamak i\u00e7in kullan\u0131l\u0131r. Kulland\u0131\u011f\u0131m\u0131z ara\u00e7lar, i\u015fledi\u011fi ki\u015fisel verileri bizlerle payla\u015fmamaktad\u0131r. Bu \u00f6l\u00e7\u00fcmleme ara\u00e7lar\u0131n\u0131n olu\u015fturdu\u011fu \u00e7erezlerin sitenin \u00e7al\u0131\u015fmas\u0131nda herhangi bir etkisi bulunmamaktad\u0131r\u00a0Bu ara\u00e7lar vas\u0131tas\u0131yla \u00e7erezlerin kullan\u0131lmas\u0131 onay\u0131n\u0131za tabidir. Onay vermemeniz halinde ziyaret\u00e7inin cihaz\u0131nda site sorunsuz olarak \u00e7al\u0131\u015fmaya devam edecektir. Onay vermemeniz halinde ziyaretiniz ile ilgili analitik bilgisi elde edemeyiz.<\/p><p>\u00a0<\/p><p><strong>\u00c7erez Kullan\u0131m\u0131n\u0131 Nas\u0131l \u00d6nleyebilirim?<\/strong><\/p><p>Sitemizin aktif ve verimli bir \u015fekilde \u00e7al\u0131\u015fmas\u0131 i\u00e7in birtak\u0131m zorunlu \u00e7erezler kullan\u0131lmaktad\u0131r. Bu \u00e7erezler devre d\u0131\u015f\u0131 b\u0131rak\u0131lamamaktad\u0131r. Zorunlu \u00e7erezler d\u0131\u015f\u0131nda kalan \u00e7erezler i\u00e7in tercihlerinizi internet sitemizde yer alan \u00c7erez Tercihleri b\u00f6l\u00fcm\u00fcnden diledi\u011finiz zaman de\u011fi\u015ftirebilirsiniz.\u00a0 Bunun yan\u0131nda taray\u0131c\u0131n\u0131z\u0131n ayarlar\u0131n\u0131 de\u011fi\u015ftirerek \u00e7erezleri etkinle\u015ftirebilir veya devre d\u0131\u015f\u0131 b\u0131rakabilirsiniz. Ancak bu durumda Sitenin bir k\u0131s\u0131m veya t\u00fcm fonksiyonlar\u0131ndan yararlan\u0131lmas\u0131 m\u00fcmk\u00fcn olmayabilir.<\/p><p>Taray\u0131c\u0131 \u00fcreticileri, kendi \u00fcr\u00fcnlerinde \u00e7erezlerin y\u00f6netimi ile ilgili yard\u0131m sayfalar\u0131 sunmaktad\u0131r. Daha fazla bilgi i\u00e7in ilgili siteleri ziyaret edebilirsiniz:<\/p><p>Google Chrome\u00a0<a href=\"https:\/\/support.google.com\/chrome\/answer\/95647?hl=tr\">https:\/\/support.google.com\/chrome\/answer\/95647?hl=tr<\/a><\/p><p>MozillaFirefox\u00a0<a href=\"https:\/\/support.mozilla.org\/t5\/forums\/searchpage\/tab\/message?filter=location&amp;location=category%3Atr&amp;q=%C3%A7erez\">https:\/\/support.mozilla.org\/t5\/forums\/searchpage\/tab\/message?filter=location&amp;location=category%3Atr&amp;q=%C3%A7erez<\/a><\/p><p>Internet Explorer\u00a0<a href=\"https:\/\/support.microsoft.com\/tr-tr\/help\/17442\/windows-internet-explorer-delete-manage-cookies\">https:\/\/support.microsoft.com\/tr-tr\/help\/17442\/windows-internet-explorer-delete-manage-cookies<\/a><\/p><p>Safari Bilgisayar\u00a0<a href=\"https:\/\/support.apple.com\/kb\/PH19214?locale=tr_TR&amp;viewlocale=tr_TR\">https:\/\/support.apple.com\/kb\/PH19214?locale=tr_TR&amp;viewlocale=tr_TR<\/a><\/p><p>Safari Mobil\u00a0<a href=\"https:\/\/support.apple.com\/tr-tr\/HT201265\">https:\/\/support.apple.com\/tr-tr\/HT201265<\/a><\/p><p>Google Analytics taraf\u0131ndan y\u00f6netilen \u00e7erezlerle ilgili detayl\u0131 bilgi almak ve kapatmak \u00a0i\u00e7in\u00a0<a href=\"https:\/\/tools.google.com\/dlpage\/gaoptout\">t\u0131klay\u0131n\u0131z.<\/a><\/p><p>\u00a0<\/p><p><strong>Sosyal Medya Widget\u2019leri<\/strong><\/p><p>\u0130nternet sitesinde yer alan i\u00e7eriklerle Facebook, Instagram, Twitter, YouTube, LinkedIn, vb. gibi \u00e7e\u015fitli sosyal mecralarda ziyaret\u00e7ilerimize i\u015flem ger\u00e7ekle\u015ftirme olana\u011f\u0131 tan\u0131mak i\u00e7in sosyal medya widget\u2019leri kullanabiliriz. Bu sosyal medya platformlar\u0131na kendi hesab\u0131n\u0131z ile giri\u015f yapman\u0131z halinde ilgili platformlar\u0131n gizlilik politikalar\u0131na g\u00f6z gezdirmenizi \u00f6neririz.<\/p><p>Ayr\u0131ca, internet sitesinde bulunan \u00fc\u00e7\u00fcnc\u00fc taraflara ait linkler, bu \u00fc\u00e7\u00fcnc\u00fc taraflara ait gizlilik politikalar\u0131na tabi olmakla birlikte, gizlilik uygulamalar\u0131na ait sorumluluk veri sorumlusuna ait olmamaktad\u0131r ve bu ba\u011flamda ilgili link kapsam\u0131ndaki site ziyaret edildi\u011finde siteye ait gizlilik politikas\u0131n\u0131n okunmas\u0131 \u00f6nerilmektedir.<\/p><p>\u00a0<\/p><p><strong>\u0130lgili Ki\u015fi Talepleri<\/strong><\/p><p>\u0130nternet sitemizde kullan\u0131lan \u00e7erezler yoluyla ki\u015fisel verileri i\u015flenen ilgili ki\u015filer \u00e7erezlerle ilgili soru ve taleplerini \u201c<em>Vital Fulya Plaza, Te\u015fvikiye Mah. Hakk\u0131 Yeten Cad. No:23 K:9 \u015ei\u015fli\/\u0130stanbul\u201d<\/em>\u00a0adresine yaz\u0131l\u0131 olarak veya sistemimizde kay\u0131tl\u0131 olan e-posta adresi \u00fczerinden\u00a0<a href=\"mailto:kvkk@fizyoform.com\">kvkk@fizyoform.com<\/a>\u00a0adresine e-posta g\u00f6ndererek iletebilirler.<\/p>\t\t\t\t\t\t<\/div>\n\t\t\t\t<\/div>\n\t\t\t\t<section class=\"elementor-section elementor-inner-section elementor-element elementor-element-1f388dc elementor-section-boxed elementor-section-height-default elementor-section-height-default\" data-id=\"1f388dc\" data-element_type=\"section\">\n\t\t\t\t\t\t<div class=\"elementor-container elementor-column-gap-default\">\n\t\t\t\t\t<div class=\"elementor-column elementor-col-100 elementor-inner-column elementor-element elementor-element-199d1e4\" data-id=\"199d1e4\" data-element_type=\"column\">\n\t\t\t<div class=\"elementor-widget-wrap\">\n\t\t\t\t\t\t\t\t\t<\/div>\n\t\t<\/div>\n\t\t\t\t\t\t\t<\/div>\n\t\t<\/section>\n\t\t\t\t\t<\/div>\n\t\t<\/div>\n\t\t\t\t\t\t\t<\/div>\n\t\t<\/section>\n\t\t\t\t\t\t\t<\/div>\n\t\t","protected":false},"excerpt":{"rendered":"<p>\u00c7EREZ POL\u0130T\u0130KASI \u00c7EREZ POL\u0130T\u0130KASI \u0130\u015fbu \u00c7erez Politikas\u0131n\u0131n haz\u0131rlanma amac\u0131, internet sitemizin i\u015fletilmesi s\u0131ras\u0131nda \u00e7erezlerin kullan\u0131m\u0131 ile elde edilen ki\u015fisel verilerin i\u015flenmesine ili\u015fkin olarak sizleri bilgilendirmektedir. \u0130nternet sitemizde kulland\u0131\u011f\u0131m\u0131z zorunlu \u00e7erezler haricindeki \u00e7erezler i\u00e7in, kullan\u0131c\u0131lar\u0131n a\u00e7\u0131k r\u0131zalar\u0131 al\u0131nmakta ve istedikleri zaman r\u0131zalar\u0131n\u0131 de\u011fi\u015ftirebilme olana\u011f\u0131 sa\u011flanmaktad\u0131r. Kullan\u0131c\u0131lar\u0131m\u0131z olarak \u00e7erez tercih paneli \u00fczerinden, internet sitemizde kullan\u0131lan \u00e7erez \u00e7e\u015fitlerini [&hellip;]<\/p>\n","protected":false},"author":1,"featured_media":0,"parent":0,"menu_order":0,"comment_status":"closed","ping_status":"closed","template":"elementor_canvas","meta":{"om_disable_all_campaigns":false,"footnotes":""},"class_list":["post-2194","page","type-page","status-publish","hentry"],"aioseo_notices":[],"_links":{"self":[{"href":"https:\/\/zaferaksungur.com\/en\/wp-json\/wp\/v2\/pages\/2194\/"}],"collection":[{"href":"https:\/\/zaferaksungur.com\/en\/wp-json\/wp\/v2\/pages\/"}],"about":[{"href":"https:\/\/zaferaksungur.com\/en\/wp-json\/wp\/v2\/types\/page\/"}],"author":[{"embeddable":true,"href":"https:\/\/zaferaksungur.com\/en\/wp-json\/wp\/v2\/users\/1\/"}],"replies":[{"embeddable":true,"href":"https:\/\/zaferaksungur.com\/en\/wp-json\/wp\/v2\/comments\/?post=2194"}],"version-history":[{"count":0,"href":"https:\/\/zaferaksungur.com\/en\/wp-json\/wp\/v2\/pages\/2194\/revisions\/"}],"wp:attachment":[{"href":"https:\/\/zaferaksungur.com\/en\/wp-json\/wp\/v2\/media\/?parent=2194"}],"curies":[{"name":"wp","href":"https:\/\/api.w.org\/{rel}","templated":true}]}}